{"id":6032,"date":"2020-05-05T22:35:54","date_gmt":"2020-05-05T20:35:54","guid":{"rendered":"https:\/\/www.usability-lab.pl\/?page_id=6032"},"modified":"2022-03-22T15:37:58","modified_gmt":"2022-03-22T14:37:58","slug":"product-vision-workshop","status":"publish","type":"page","link":"https:\/\/www.usability-lab.pl\/pl\/oferta\/product-vision-workshop\/","title":{"rendered":"Product Vision Workshop"},"content":{"rendered":"","protected":false},"excerpt":{"rendered":"","protected":false},"author":4,"featured_media":0,"parent":762,"menu_order":0,"comment_status":"closed","ping_status":"closed","template":"templates\/page-offer.php","meta":[],"yoast_head":"<!-- This site is optimized with the Yoast SEO plugin v16.9 - https:\/\/yoast.com\/wordpress\/plugins\/seo\/ -->\n<meta name=\"description\" content=\"Product Vision Workshop, Product Strategy &amp; Roadmap &#x1F947; Projektujemy rozwi\u0105zania dla biznesu w duchu user experience i z wykorzystaniem najnowszych technologii.\" \/>\n<meta name=\"robots\" content=\"index, follow\" \/>\n<link rel=\"canonical\" href=\"https:\/\/www.usability-lab.pl\/pl\/oferta\/product-vision-workshop\/\" \/>\n<meta property=\"og:locale\" content=\"pl_PL\" \/>\n<meta property=\"og:type\" content=\"article\" \/>\n<meta property=\"og:title\" content=\"Product Vision Workshop, Product Strategy &amp; Roadmap - Usability LAB\" \/>\n<meta property=\"og:description\" content=\"Product Vision Workshop, Product Strategy &amp; Roadmap &#x1F947; Projektujemy rozwi\u0105zania dla biznesu w duchu user experience i z wykorzystaniem najnowszych technologii.\" \/>\n<meta property=\"og:url\" content=\"https:\/\/www.usability-lab.pl\/pl\/oferta\/product-vision-workshop\/\" \/>\n<meta property=\"og:site_name\" content=\"UX Design, Service Design, Product Design, Badania UX - Usability LAB\" \/>\n<meta property=\"article:modified_time\" content=\"2022-03-22T14:37:58+00:00\" \/>\n<meta name=\"twitter:card\" content=\"summary_large_image\" \/>\n<script type=\"application\/ld+json\" class=\"yoast-schema-graph\">{\"@context\":\"https:\/\/schema.org\",\"@graph\":[{\"@type\":\"WebSite\",\"@id\":\"https:\/\/www.usability-lab.pl\/#website\",\"url\":\"https:\/\/www.usability-lab.pl\/\",\"name\":\"UX Design, Service Design, Product Design, Badania UX - Usability LAB\",\"description\":\"Jeste\\u015bmy agencj\\u0105 UX\/Service Design. Projektujemy rozwi\\u0105zania dla biznesu wykorzystuj\\u0105c podej\\u015bcie user centered design i znajomo\\u015b\\u0107 najnowszych technologii.\",\"potentialAction\":[{\"@type\":\"SearchAction\",\"target\":{\"@type\":\"EntryPoint\",\"urlTemplate\":\"https:\/\/www.usability-lab.pl\/?s={search_term_string}\"},\"query-input\":\"required name=search_term_string\"}],\"inLanguage\":\"pl-PL\"},{\"@type\":\"WebPage\",\"@id\":\"https:\/\/www.usability-lab.pl\/pl\/oferta\/product-vision-workshop\/#webpage\",\"url\":\"https:\/\/www.usability-lab.pl\/pl\/oferta\/product-vision-workshop\/\",\"name\":\"Product Vision Workshop, Product Strategy & Roadmap - Usability LAB\",\"isPartOf\":{\"@id\":\"https:\/\/www.usability-lab.pl\/#website\"},\"datePublished\":\"2020-05-05T20:35:54+00:00\",\"dateModified\":\"2022-03-22T14:37:58+00:00\",\"description\":\"Product Vision Workshop, Product Strategy & Roadmap &#x1F947; Projektujemy rozwi\\u0105zania dla biznesu w duchu user experience i z wykorzystaniem najnowszych technologii.\",\"breadcrumb\":{\"@id\":\"https:\/\/www.usability-lab.pl\/pl\/oferta\/product-vision-workshop\/#breadcrumb\"},\"inLanguage\":\"pl-PL\",\"potentialAction\":[{\"@type\":\"ReadAction\",\"target\":[\"https:\/\/www.usability-lab.pl\/pl\/oferta\/product-vision-workshop\/\"]}]},{\"@type\":\"BreadcrumbList\",\"@id\":\"https:\/\/www.usability-lab.pl\/pl\/oferta\/product-vision-workshop\/#breadcrumb\",\"itemListElement\":[{\"@type\":\"ListItem\",\"position\":1,\"name\":\"Oferta &#8211; us\\u0142ugi UX \/ UI\",\"item\":\"https:\/\/www.usability-lab.pl\/pl\/oferta\/\"},{\"@type\":\"ListItem\",\"position\":2,\"name\":\"Product Vision Workshop\"}]}]}<\/script>\n<!-- \/ Yoast SEO plugin. -->","yoast_head_json":{"description":"Product Vision Workshop, Product Strategy & Roadmap &#x1F947; Projektujemy rozwi\u0105zania dla biznesu w duchu user experience i z wykorzystaniem najnowszych technologii.","robots":{"index":"index","follow":"follow"},"canonical":"https:\/\/www.usability-lab.pl\/pl\/oferta\/product-vision-workshop\/","og_locale":"pl_PL","og_type":"article","og_title":"Product Vision Workshop, Product Strategy & Roadmap - Usability LAB","og_description":"Product Vision Workshop, Product Strategy & Roadmap &#x1F947; Projektujemy rozwi\u0105zania dla biznesu w duchu user experience i z wykorzystaniem najnowszych technologii.","og_url":"https:\/\/www.usability-lab.pl\/pl\/oferta\/product-vision-workshop\/","og_site_name":"UX Design, Service Design, Product Design, Badania UX - Usability LAB","article_modified_time":"2022-03-22T14:37:58+00:00","twitter_card":"summary_large_image","schema":{"@context":"https:\/\/schema.org","@graph":[{"@type":"WebSite","@id":"https:\/\/www.usability-lab.pl\/#website","url":"https:\/\/www.usability-lab.pl\/","name":"UX Design, Service Design, Product Design, Badania UX - Usability LAB","description":"Jeste\u015bmy agencj\u0105 UX\/Service Design. Projektujemy rozwi\u0105zania dla biznesu wykorzystuj\u0105c podej\u015bcie user centered design i znajomo\u015b\u0107 najnowszych technologii.","potentialAction":[{"@type":"SearchAction","target":{"@type":"EntryPoint","urlTemplate":"https:\/\/www.usability-lab.pl\/?s={search_term_string}"},"query-input":"required name=search_term_string"}],"inLanguage":"pl-PL"},{"@type":"WebPage","@id":"https:\/\/www.usability-lab.pl\/pl\/oferta\/product-vision-workshop\/#webpage","url":"https:\/\/www.usability-lab.pl\/pl\/oferta\/product-vision-workshop\/","name":"Product Vision Workshop, Product Strategy & Roadmap - Usability LAB","isPartOf":{"@id":"https:\/\/www.usability-lab.pl\/#website"},"datePublished":"2020-05-05T20:35:54+00:00","dateModified":"2022-03-22T14:37:58+00:00","description":"Product Vision Workshop, Product Strategy & Roadmap &#x1F947; Projektujemy rozwi\u0105zania dla biznesu w duchu user experience i z wykorzystaniem najnowszych technologii.","breadcrumb":{"@id":"https:\/\/www.usability-lab.pl\/pl\/oferta\/product-vision-workshop\/#breadcrumb"},"inLanguage":"pl-PL","potentialAction":[{"@type":"ReadAction","target":["https:\/\/www.usability-lab.pl\/pl\/oferta\/product-vision-workshop\/"]}]},{"@type":"BreadcrumbList","@id":"https:\/\/www.usability-lab.pl\/pl\/oferta\/product-vision-workshop\/#breadcrumb","itemListElement":[{"@type":"ListItem","position":1,"name":"Oferta &#8211; us\u0142ugi UX \/ UI","item":"https:\/\/www.usability-lab.pl\/pl\/oferta\/"},{"@type":"ListItem","position":2,"name":"Product Vision Workshop"}]}]}},"_links":{"self":[{"href":"https:\/\/www.usability-lab.pl\/pl\/wp-json\/wp\/v2\/pages\/6032"}],"collection":[{"href":"https:\/\/www.usability-lab.pl\/pl\/wp-json\/wp\/v2\/pages"}],"about":[{"href":"https:\/\/www.usability-lab.pl\/pl\/wp-json\/wp\/v2\/types\/page"}],"author":[{"embeddable":true,"href":"https:\/\/www.usability-lab.pl\/pl\/wp-json\/wp\/v2\/users\/4"}],"replies":[{"embeddable":true,"href":"https:\/\/www.usability-lab.pl\/pl\/wp-json\/wp\/v2\/comments?post=6032"}],"version-history":[{"count":7,"href":"https:\/\/www.usability-lab.pl\/pl\/wp-json\/wp\/v2\/pages\/6032\/revisions"}],"predecessor-version":[{"id":7324,"href":"https:\/\/www.usability-lab.pl\/pl\/wp-json\/wp\/v2\/pages\/6032\/revisions\/7324"}],"up":[{"embeddable":true,"href":"https:\/\/www.usability-lab.pl\/pl\/wp-json\/wp\/v2\/pages\/762"}],"wp:attachment":[{"href":"https:\/\/www.usability-lab.pl\/pl\/wp-json\/wp\/v2\/media?parent=6032"}],"curies":[{"name":"wp","href":"https:\/\/api.w.org\/{rel}","templated":true}]}}