{"id":6056,"date":"2020-05-29T20:55:32","date_gmt":"2020-05-29T18:55:32","guid":{"rendered":"https:\/\/www.usability-lab.pl\/?page_id=6056"},"modified":"2022-03-22T15:38:40","modified_gmt":"2022-03-22T14:38:40","slug":"ui-design","status":"publish","type":"page","link":"https:\/\/www.usability-lab.pl\/pl\/oferta\/ui-design\/","title":{"rendered":"UI design"},"content":{"rendered":"","protected":false},"excerpt":{"rendered":"","protected":false},"author":4,"featured_media":0,"parent":762,"menu_order":0,"comment_status":"closed","ping_status":"closed","template":"templates\/page-offer.php","meta":[],"yoast_head":"<!-- This site is optimized with the Yoast SEO plugin v16.9 - https:\/\/yoast.com\/wordpress\/plugins\/seo\/ -->\n<meta name=\"description\" content=\"UI Design, Graphical User Interface &#x1F947; Projektujemy rozwi\u0105zania dla biznesu w duchu user experience i z wykorzystaniem najnowszych technologii.\" \/>\n<meta name=\"robots\" content=\"index, follow\" \/>\n<link rel=\"canonical\" href=\"https:\/\/www.usability-lab.pl\/pl\/oferta\/ui-design\/\" \/>\n<meta property=\"og:locale\" content=\"pl_PL\" \/>\n<meta property=\"og:type\" content=\"article\" \/>\n<meta property=\"og:title\" content=\"UI Design, Graphical User Interface - UI Design Online - Usability LAB\" \/>\n<meta property=\"og:description\" content=\"UI Design, Graphical User Interface &#x1F947; Projektujemy rozwi\u0105zania dla biznesu w duchu user experience i z wykorzystaniem najnowszych technologii.\" \/>\n<meta property=\"og:url\" content=\"https:\/\/www.usability-lab.pl\/pl\/oferta\/ui-design\/\" \/>\n<meta property=\"og:site_name\" content=\"UX Design, Service Design, Product Design, Badania UX - Usability LAB\" \/>\n<meta property=\"article:modified_time\" content=\"2022-03-22T14:38:40+00:00\" \/>\n<meta name=\"twitter:card\" content=\"summary_large_image\" \/>\n<script type=\"application\/ld+json\" class=\"yoast-schema-graph\">{\"@context\":\"https:\/\/schema.org\",\"@graph\":[{\"@type\":\"WebSite\",\"@id\":\"https:\/\/www.usability-lab.pl\/#website\",\"url\":\"https:\/\/www.usability-lab.pl\/\",\"name\":\"UX Design, Service Design, Product Design, Badania UX - Usability LAB\",\"description\":\"Jeste\\u015bmy agencj\\u0105 UX\/Service Design. Projektujemy rozwi\\u0105zania dla biznesu wykorzystuj\\u0105c podej\\u015bcie user centered design i znajomo\\u015b\\u0107 najnowszych technologii.\",\"potentialAction\":[{\"@type\":\"SearchAction\",\"target\":{\"@type\":\"EntryPoint\",\"urlTemplate\":\"https:\/\/www.usability-lab.pl\/?s={search_term_string}\"},\"query-input\":\"required name=search_term_string\"}],\"inLanguage\":\"pl-PL\"},{\"@type\":\"WebPage\",\"@id\":\"https:\/\/www.usability-lab.pl\/pl\/oferta\/ui-design\/#webpage\",\"url\":\"https:\/\/www.usability-lab.pl\/pl\/oferta\/ui-design\/\",\"name\":\"UI Design, Graphical User Interface - UI Design Online - Usability LAB\",\"isPartOf\":{\"@id\":\"https:\/\/www.usability-lab.pl\/#website\"},\"datePublished\":\"2020-05-29T18:55:32+00:00\",\"dateModified\":\"2022-03-22T14:38:40+00:00\",\"description\":\"UI Design, Graphical User Interface &#x1F947; Projektujemy rozwi\\u0105zania dla biznesu w duchu user experience i z wykorzystaniem najnowszych technologii.\",\"breadcrumb\":{\"@id\":\"https:\/\/www.usability-lab.pl\/pl\/oferta\/ui-design\/#breadcrumb\"},\"inLanguage\":\"pl-PL\",\"potentialAction\":[{\"@type\":\"ReadAction\",\"target\":[\"https:\/\/www.usability-lab.pl\/pl\/oferta\/ui-design\/\"]}]},{\"@type\":\"BreadcrumbList\",\"@id\":\"https:\/\/www.usability-lab.pl\/pl\/oferta\/ui-design\/#breadcrumb\",\"itemListElement\":[{\"@type\":\"ListItem\",\"position\":1,\"name\":\"Oferta &#8211; us\\u0142ugi UX \/ UI\",\"item\":\"https:\/\/www.usability-lab.pl\/pl\/oferta\/\"},{\"@type\":\"ListItem\",\"position\":2,\"name\":\"UI design\"}]}]}<\/script>\n<!-- \/ Yoast SEO plugin. -->","yoast_head_json":{"description":"UI Design, Graphical User Interface &#x1F947; Projektujemy rozwi\u0105zania dla biznesu w duchu user experience i z wykorzystaniem najnowszych technologii.","robots":{"index":"index","follow":"follow"},"canonical":"https:\/\/www.usability-lab.pl\/pl\/oferta\/ui-design\/","og_locale":"pl_PL","og_type":"article","og_title":"UI Design, Graphical User Interface - UI Design Online - Usability LAB","og_description":"UI Design, Graphical User Interface &#x1F947; Projektujemy rozwi\u0105zania dla biznesu w duchu user experience i z wykorzystaniem najnowszych technologii.","og_url":"https:\/\/www.usability-lab.pl\/pl\/oferta\/ui-design\/","og_site_name":"UX Design, Service Design, Product Design, Badania UX - Usability LAB","article_modified_time":"2022-03-22T14:38:40+00:00","twitter_card":"summary_large_image","schema":{"@context":"https:\/\/schema.org","@graph":[{"@type":"WebSite","@id":"https:\/\/www.usability-lab.pl\/#website","url":"https:\/\/www.usability-lab.pl\/","name":"UX Design, Service Design, Product Design, Badania UX - Usability LAB","description":"Jeste\u015bmy agencj\u0105 UX\/Service Design. Projektujemy rozwi\u0105zania dla biznesu wykorzystuj\u0105c podej\u015bcie user centered design i znajomo\u015b\u0107 najnowszych technologii.","potentialAction":[{"@type":"SearchAction","target":{"@type":"EntryPoint","urlTemplate":"https:\/\/www.usability-lab.pl\/?s={search_term_string}"},"query-input":"required name=search_term_string"}],"inLanguage":"pl-PL"},{"@type":"WebPage","@id":"https:\/\/www.usability-lab.pl\/pl\/oferta\/ui-design\/#webpage","url":"https:\/\/www.usability-lab.pl\/pl\/oferta\/ui-design\/","name":"UI Design, Graphical User Interface - UI Design Online - Usability LAB","isPartOf":{"@id":"https:\/\/www.usability-lab.pl\/#website"},"datePublished":"2020-05-29T18:55:32+00:00","dateModified":"2022-03-22T14:38:40+00:00","description":"UI Design, Graphical User Interface &#x1F947; Projektujemy rozwi\u0105zania dla biznesu w duchu user experience i z wykorzystaniem najnowszych technologii.","breadcrumb":{"@id":"https:\/\/www.usability-lab.pl\/pl\/oferta\/ui-design\/#breadcrumb"},"inLanguage":"pl-PL","potentialAction":[{"@type":"ReadAction","target":["https:\/\/www.usability-lab.pl\/pl\/oferta\/ui-design\/"]}]},{"@type":"BreadcrumbList","@id":"https:\/\/www.usability-lab.pl\/pl\/oferta\/ui-design\/#breadcrumb","itemListElement":[{"@type":"ListItem","position":1,"name":"Oferta &#8211; us\u0142ugi UX \/ UI","item":"https:\/\/www.usability-lab.pl\/pl\/oferta\/"},{"@type":"ListItem","position":2,"name":"UI design"}]}]}},"_links":{"self":[{"href":"https:\/\/www.usability-lab.pl\/pl\/wp-json\/wp\/v2\/pages\/6056"}],"collection":[{"href":"https:\/\/www.usability-lab.pl\/pl\/wp-json\/wp\/v2\/pages"}],"about":[{"href":"https:\/\/www.usability-lab.pl\/pl\/wp-json\/wp\/v2\/types\/page"}],"author":[{"embeddable":true,"href":"https:\/\/www.usability-lab.pl\/pl\/wp-json\/wp\/v2\/users\/4"}],"replies":[{"embeddable":true,"href":"https:\/\/www.usability-lab.pl\/pl\/wp-json\/wp\/v2\/comments?post=6056"}],"version-history":[{"count":15,"href":"https:\/\/www.usability-lab.pl\/pl\/wp-json\/wp\/v2\/pages\/6056\/revisions"}],"predecessor-version":[{"id":7327,"href":"https:\/\/www.usability-lab.pl\/pl\/wp-json\/wp\/v2\/pages\/6056\/revisions\/7327"}],"up":[{"embeddable":true,"href":"https:\/\/www.usability-lab.pl\/pl\/wp-json\/wp\/v2\/pages\/762"}],"wp:attachment":[{"href":"https:\/\/www.usability-lab.pl\/pl\/wp-json\/wp\/v2\/media?parent=6056"}],"curies":[{"name":"wp","href":"https:\/\/api.w.org\/{rel}","templated":true}]}}