{"id":762,"date":"2019-08-21T17:33:57","date_gmt":"2019-08-21T15:33:57","guid":{"rendered":"http:\/\/hcdzpsd.cluster020.hosting.ovh.net\/?page_id=762"},"modified":"2022-03-22T15:36:02","modified_gmt":"2022-03-22T14:36:02","slug":"oferta","status":"publish","type":"page","link":"https:\/\/www.usability-lab.pl\/pl\/oferta\/","title":{"rendered":"Oferta &#8211; us\u0142ugi UX \/ UI"},"content":{"rendered":"","protected":false},"excerpt":{"rendered":"","protected":false},"author":5,"featured_media":0,"parent":0,"menu_order":0,"comment_status":"closed","ping_status":"closed","template":"templates\/page-onepage.php","meta":[],"yoast_head":"<!-- This site is optimized with the Yoast SEO plugin v16.9 - https:\/\/yoast.com\/wordpress\/plugins\/seo\/ -->\n<meta name=\"description\" content=\"Oferta UX - Oferta Us\u0142ugi UX\/UI - Usability Lab &#x1F947; Projektujemy rozwi\u0105zania dla biznesu w duchu user experience i z wykorzystaniem najnowszych technologii.\" \/>\n<meta name=\"robots\" content=\"index, follow\" \/>\n<link rel=\"canonical\" href=\"https:\/\/www.usability-lab.pl\/pl\/oferta\/\" \/>\n<meta property=\"og:locale\" content=\"pl_PL\" \/>\n<meta property=\"og:type\" content=\"article\" \/>\n<meta property=\"og:title\" content=\"Oferta UX - Oferta Us\u0142ugi UX\/UI - Usability Lab\" \/>\n<meta property=\"og:description\" content=\"Oferta UX - Oferta Us\u0142ugi UX\/UI - Usability Lab &#x1F947; Projektujemy rozwi\u0105zania dla biznesu w duchu user experience i z wykorzystaniem najnowszych technologii.\" \/>\n<meta property=\"og:url\" content=\"https:\/\/www.usability-lab.pl\/pl\/oferta\/\" \/>\n<meta property=\"og:site_name\" content=\"UX Design, Service Design, Product Design, Badania UX - Usability LAB\" \/>\n<meta property=\"article:modified_time\" content=\"2022-03-22T14:36:02+00:00\" \/>\n<meta name=\"twitter:card\" content=\"summary_large_image\" \/>\n<script type=\"application\/ld+json\" class=\"yoast-schema-graph\">{\"@context\":\"https:\/\/schema.org\",\"@graph\":[{\"@type\":\"WebSite\",\"@id\":\"https:\/\/www.usability-lab.pl\/#website\",\"url\":\"https:\/\/www.usability-lab.pl\/\",\"name\":\"UX Design, Service Design, Product Design, Badania UX - Usability LAB\",\"description\":\"Jeste\\u015bmy agencj\\u0105 UX\/Service Design. Projektujemy rozwi\\u0105zania dla biznesu wykorzystuj\\u0105c podej\\u015bcie user centered design i znajomo\\u015b\\u0107 najnowszych technologii.\",\"potentialAction\":[{\"@type\":\"SearchAction\",\"target\":{\"@type\":\"EntryPoint\",\"urlTemplate\":\"https:\/\/www.usability-lab.pl\/?s={search_term_string}\"},\"query-input\":\"required name=search_term_string\"}],\"inLanguage\":\"pl-PL\"},{\"@type\":\"WebPage\",\"@id\":\"https:\/\/www.usability-lab.pl\/pl\/oferta\/#webpage\",\"url\":\"https:\/\/www.usability-lab.pl\/pl\/oferta\/\",\"name\":\"Oferta UX - Oferta Us\\u0142ugi UX\/UI - Usability Lab\",\"isPartOf\":{\"@id\":\"https:\/\/www.usability-lab.pl\/#website\"},\"datePublished\":\"2019-08-21T15:33:57+00:00\",\"dateModified\":\"2022-03-22T14:36:02+00:00\",\"description\":\"Oferta UX - Oferta Us\\u0142ugi UX\/UI - Usability Lab &#x1F947; Projektujemy rozwi\\u0105zania dla biznesu w duchu user experience i z wykorzystaniem najnowszych technologii.\",\"breadcrumb\":{\"@id\":\"https:\/\/www.usability-lab.pl\/pl\/oferta\/#breadcrumb\"},\"inLanguage\":\"pl-PL\",\"potentialAction\":[{\"@type\":\"ReadAction\",\"target\":[\"https:\/\/www.usability-lab.pl\/pl\/oferta\/\"]}]},{\"@type\":\"BreadcrumbList\",\"@id\":\"https:\/\/www.usability-lab.pl\/pl\/oferta\/#breadcrumb\",\"itemListElement\":[{\"@type\":\"ListItem\",\"position\":1,\"name\":\"Oferta &#8211; us\\u0142ugi UX \/ UI\"}]}]}<\/script>\n<!-- \/ Yoast SEO plugin. -->","yoast_head_json":{"description":"Oferta UX - Oferta Us\u0142ugi UX\/UI - Usability Lab &#x1F947; Projektujemy rozwi\u0105zania dla biznesu w duchu user experience i z wykorzystaniem najnowszych technologii.","robots":{"index":"index","follow":"follow"},"canonical":"https:\/\/www.usability-lab.pl\/pl\/oferta\/","og_locale":"pl_PL","og_type":"article","og_title":"Oferta UX - Oferta Us\u0142ugi UX\/UI - Usability Lab","og_description":"Oferta UX - Oferta Us\u0142ugi UX\/UI - Usability Lab &#x1F947; Projektujemy rozwi\u0105zania dla biznesu w duchu user experience i z wykorzystaniem najnowszych technologii.","og_url":"https:\/\/www.usability-lab.pl\/pl\/oferta\/","og_site_name":"UX Design, Service Design, Product Design, Badania UX - Usability LAB","article_modified_time":"2022-03-22T14:36:02+00:00","twitter_card":"summary_large_image","schema":{"@context":"https:\/\/schema.org","@graph":[{"@type":"WebSite","@id":"https:\/\/www.usability-lab.pl\/#website","url":"https:\/\/www.usability-lab.pl\/","name":"UX Design, Service Design, Product Design, Badania UX - Usability LAB","description":"Jeste\u015bmy agencj\u0105 UX\/Service Design. Projektujemy rozwi\u0105zania dla biznesu wykorzystuj\u0105c podej\u015bcie user centered design i znajomo\u015b\u0107 najnowszych technologii.","potentialAction":[{"@type":"SearchAction","target":{"@type":"EntryPoint","urlTemplate":"https:\/\/www.usability-lab.pl\/?s={search_term_string}"},"query-input":"required name=search_term_string"}],"inLanguage":"pl-PL"},{"@type":"WebPage","@id":"https:\/\/www.usability-lab.pl\/pl\/oferta\/#webpage","url":"https:\/\/www.usability-lab.pl\/pl\/oferta\/","name":"Oferta UX - Oferta Us\u0142ugi UX\/UI - Usability Lab","isPartOf":{"@id":"https:\/\/www.usability-lab.pl\/#website"},"datePublished":"2019-08-21T15:33:57+00:00","dateModified":"2022-03-22T14:36:02+00:00","description":"Oferta UX - Oferta Us\u0142ugi UX\/UI - Usability Lab &#x1F947; Projektujemy rozwi\u0105zania dla biznesu w duchu user experience i z wykorzystaniem najnowszych technologii.","breadcrumb":{"@id":"https:\/\/www.usability-lab.pl\/pl\/oferta\/#breadcrumb"},"inLanguage":"pl-PL","potentialAction":[{"@type":"ReadAction","target":["https:\/\/www.usability-lab.pl\/pl\/oferta\/"]}]},{"@type":"BreadcrumbList","@id":"https:\/\/www.usability-lab.pl\/pl\/oferta\/#breadcrumb","itemListElement":[{"@type":"ListItem","position":1,"name":"Oferta &#8211; us\u0142ugi UX \/ UI"}]}]}},"_links":{"self":[{"href":"https:\/\/www.usability-lab.pl\/pl\/wp-json\/wp\/v2\/pages\/762"}],"collection":[{"href":"https:\/\/www.usability-lab.pl\/pl\/wp-json\/wp\/v2\/pages"}],"about":[{"href":"https:\/\/www.usability-lab.pl\/pl\/wp-json\/wp\/v2\/types\/page"}],"author":[{"embeddable":true,"href":"https:\/\/www.usability-lab.pl\/pl\/wp-json\/wp\/v2\/users\/5"}],"replies":[{"embeddable":true,"href":"https:\/\/www.usability-lab.pl\/pl\/wp-json\/wp\/v2\/comments?post=762"}],"version-history":[{"count":52,"href":"https:\/\/www.usability-lab.pl\/pl\/wp-json\/wp\/v2\/pages\/762\/revisions"}],"predecessor-version":[{"id":7319,"href":"https:\/\/www.usability-lab.pl\/pl\/wp-json\/wp\/v2\/pages\/762\/revisions\/7319"}],"wp:attachment":[{"href":"https:\/\/www.usability-lab.pl\/pl\/wp-json\/wp\/v2\/media?parent=762"}],"curies":[{"name":"wp","href":"https:\/\/api.w.org\/{rel}","templated":true}]}}